{"id":250,"date":"2017-10-18T19:13:07","date_gmt":"2017-10-18T19:13:07","guid":{"rendered":"http:\/\/bpm.rvstudio.com.au\/?page_id=250"},"modified":"2024-11-19T14:52:55","modified_gmt":"2024-11-19T18:52:55","slug":"home","status":"publish","type":"page","link":"https:\/\/bpmmedical.ca\/fr-ca\/","title":{"rendered":"Home"},"content":{"rendered":"<p><div class=\"geot-ajax geot-filter\" data-action=\"city_filter\" data-filter=\"\" data-region=\"myregion\" data-ex_filter=\"\" data-ex_region=\"\">\n<div class=\"wpcf7 no-js\" id=\"wpcf7-f483-o1\" lang=\"en-US\" dir=\"ltr\" data-wpcf7-id=\"483\">\n<div class=\"screen-reader-response\"><p role=\"status\" aria-live=\"polite\" aria-atomic=\"true\"><\/p> <ul><\/ul><\/div>\n<form action=\"\/fr-ca\/wp-json\/wp\/v2\/pages\/250#wpcf7-f483-o1\" method=\"post\" class=\"wpcf7-form init\" aria-label=\"Contact form\" novalidate=\"novalidate\" data-status=\"init\">\n<div style=\"display: none;\">\n<input type=\"hidden\" name=\"_wpcf7\" value=\"483\" \/>\n<input type=\"hidden\" name=\"_wpcf7_version\" value=\"6.0\" \/>\n<input type=\"hidden\" name=\"_wpcf7_locale\" value=\"en_US\" \/>\n<input type=\"hidden\" name=\"_wpcf7_unit_tag\" value=\"wpcf7-f483-o1\" \/>\n<input type=\"hidden\" name=\"_wpcf7_container_post\" value=\"0\" \/>\n<input type=\"hidden\" name=\"_wpcf7_posted_data_hash\" value=\"\" \/>\n<\/div>\n<p><label> Nom complet (champ obligatoire)<\/label><br \/>\n<span class=\"wpcf7-form-control-wrap\" data-name=\"your-name\"><input size=\"40\" maxlength=\"400\" class=\"wpcf7-form-control wpcf7-text wpcf7-validates-as-required\" aria-required=\"true\" aria-invalid=\"false\" value=\"\" type=\"text\" name=\"your-name\" \/><\/span>\n<\/p>\n<p><label> Courriel (champ obligatoire)<\/label><br \/>\n<span class=\"wpcf7-form-control-wrap\" data-name=\"your-email\"><input size=\"40\" maxlength=\"400\" class=\"wpcf7-form-control wpcf7-email wpcf7-validates-as-required wpcf7-text wpcf7-validates-as-email\" aria-required=\"true\" aria-invalid=\"false\" value=\"\" type=\"email\" name=\"your-email\" \/><\/span>\n<\/p>\n<p><label>Num\u00e9ro de t\u00e9l\u00e9phone (champ obligatoire)<\/label><br \/>\n<span class=\"wpcf7-form-control-wrap\" data-name=\"your-phone\"><input size=\"40\" maxlength=\"400\" class=\"wpcf7-form-control wpcf7-tel wpcf7-validates-as-required wpcf7-text wpcf7-validates-as-tel\" aria-required=\"true\" aria-invalid=\"false\" placeholder=\"\" value=\"\" type=\"tel\" name=\"your-phone\" \/><\/span>\n<\/p>\n<p><b>IMPORTANT! Veuillez lire attentivement avant de soumettre.<\/b><br \/>\nLes patients hors province ou internationaux peuvent \u00eatre soumis \u00e0 des frais associ\u00e9s \u00e0 votre visite chez le m\u00e9decin. Les frais peuvent ensuite \u00eatre soumis pour remboursement via la Regis ou une assurance priv\u00e9e.\n<\/p>\n<p>Veuillez s\u00e9lectionner le service qui vous int\u00e9resse le plus pour voir les frais actuels.\n<\/p>\n<p><span class=\"wpcf7-form-control-wrap\" data-name=\"menu-380\"><select class=\"wpcf7-form-control wpcf7-select\" aria-invalid=\"false\" name=\"menu-380\"><option value=\"\">&#8212;Please choose an option&#8212;<\/option><option value=\"yes\">yes<\/option><option value=\"Ne s&#039;applique pas \u00e0 moi, je suis un patient avec assurance-sant\u00e9 de l\u2019Ontario (OHIP)\">Ne s&#039;applique pas \u00e0 moi, je suis un patient avec assurance-sant\u00e9 de l\u2019Ontario (OHIP)<\/option><option value=\"\u00c9valuation complexe - 150 $\">\u00c9valuation complexe - 150 $<\/option><option value=\"\u00c9valuation pr\u00e9ventive compl\u00e8te du bien-\u00eatre - 525 $\">\u00c9valuation pr\u00e9ventive compl\u00e8te du bien-\u00eatre - 525 $<\/option><option value=\"D\u00e9claration du m\u00e9decin traitant - 200 $ \u00e0 500 $\">D\u00e9claration du m\u00e9decin traitant - 200 $ \u00e0 500 $<\/option><option value=\"Examen m\u00e9dical pour assurance - 200 $\">Examen m\u00e9dical pour assurance - 200 $<\/option><option value=\"Formulaire d&#039;assurance annulation de voyage - 100 $\">Formulaire d&#039;assurance annulation de voyage - 100 $<\/option><option value=\"Consultation voyage - 75 $\">Consultation voyage - 75 $<\/option><option value=\"Examens m\u00e9dicaux pour conducteurs - 140 $\">Examens m\u00e9dicaux pour conducteurs - 140 $<\/option><option value=\"Soins sur demande - 75 $\">Soins sur demande - 75 $<\/option><option value=\"Consultation \u00e0 distance - 75 $\">Consultation \u00e0 distance - 75 $<\/option><\/select><\/span>\n<\/p>\n<p>Avez-vous lu et compris les informations ci-dessus?\n<\/p>\n<p><span class=\"wpcf7-form-control-wrap\" data-name=\"menu-459\"><select class=\"wpcf7-form-control wpcf7-select wpcf7-validates-as-required\" aria-required=\"true\" aria-invalid=\"false\" name=\"menu-459\"><option value=\"\">&#8212;Please choose an option&#8212;<\/option><option value=\"Oui je comprends\">Oui je comprends<\/option><option value=\"Je suis un patient avec assurance-sant\u00e9 de l\u2019Ontario (OHIP) donc cela ne s&#039;applique pas \u00e0 moi\">Je suis un patient avec assurance-sant\u00e9 de l\u2019Ontario (OHIP) donc cela ne s&#039;applique pas \u00e0 moi<\/option><\/select><\/span>\n<\/p>\n<p><input class=\"wpcf7-form-control wpcf7-submit has-spinner button\" type=\"submit\" value=\"Soumettre\" \/>\n<\/p><div class=\"wpcf7-response-output\" aria-hidden=\"true\"><\/div>\n<\/form>\n<\/div>\n<\/div><br \/>\n<div class=\"geot-ajax geot-filter\" data-action=\"city_filter\" data-filter=\"\" data-region=\"\" data-ex_filter=\"\" data-ex_region=\"myregion\"><br \/>\n\n<div class=\"wpcf7 no-js\" id=\"wpcf7-f482-o2\" lang=\"en-US\" dir=\"ltr\" data-wpcf7-id=\"482\">\n<div class=\"screen-reader-response\"><p role=\"status\" aria-live=\"polite\" aria-atomic=\"true\"><\/p> <ul><\/ul><\/div>\n<form action=\"\/fr-ca\/wp-json\/wp\/v2\/pages\/250#wpcf7-f482-o2\" method=\"post\" class=\"wpcf7-form init\" aria-label=\"Contact form\" novalidate=\"novalidate\" data-status=\"init\">\n<div style=\"display: none;\">\n<input type=\"hidden\" name=\"_wpcf7\" value=\"482\" \/>\n<input type=\"hidden\" name=\"_wpcf7_version\" value=\"6.0\" \/>\n<input type=\"hidden\" name=\"_wpcf7_locale\" value=\"en_US\" \/>\n<input type=\"hidden\" name=\"_wpcf7_unit_tag\" value=\"wpcf7-f482-o2\" \/>\n<input type=\"hidden\" name=\"_wpcf7_container_post\" value=\"0\" \/>\n<input type=\"hidden\" name=\"_wpcf7_posted_data_hash\" value=\"\" \/>\n<\/div>\n<p><label> Nom complet (champ obligatoire)<\/label><br \/>\n<span class=\"wpcf7-form-control-wrap\" data-name=\"your-name\"><input size=\"40\" maxlength=\"400\" class=\"wpcf7-form-control wpcf7-text wpcf7-validates-as-required\" aria-required=\"true\" aria-invalid=\"false\" value=\"\" type=\"text\" name=\"your-name\" \/><\/span>\n<\/p>\n<p><label> Courriel (champ obligatoire)<\/label><br \/>\n<span class=\"wpcf7-form-control-wrap\" data-name=\"your-email\"><input size=\"40\" maxlength=\"400\" class=\"wpcf7-form-control wpcf7-email wpcf7-validates-as-required wpcf7-text wpcf7-validates-as-email\" aria-required=\"true\" aria-invalid=\"false\" value=\"\" type=\"email\" name=\"your-email\" \/><\/span>\n<\/p>\n<p><label>Num\u00e9ro de t\u00e9l\u00e9phone (champ obligatoire)<\/label><br \/>\n<span class=\"wpcf7-form-control-wrap\" data-name=\"your-phone\"><input size=\"40\" maxlength=\"400\" class=\"wpcf7-form-control wpcf7-tel wpcf7-validates-as-required wpcf7-text wpcf7-validates-as-tel\" aria-required=\"true\" aria-invalid=\"false\" value=\"\" type=\"tel\" name=\"your-phone\" \/><\/span>\n<\/p>\n<p><label>Quels sont les services BPM qui vous int\u00e9ressent?<\/label><br \/>\n<span class=\"wpcf7-form-control-wrap\" data-name=\"your-message\"><textarea cols=\"40\" rows=\"10\" maxlength=\"2000\" class=\"wpcf7-form-control wpcf7-textarea wpcf7-validates-as-required\" aria-required=\"true\" aria-invalid=\"false\" name=\"your-message\"><\/textarea><\/span>\n<\/p>\n\n<!-- CF7MSM -->\n<div style='display:none;'><input type=\"hidden\" name=\"_cf7msm_multistep_tag\" class=\"wpcf7-form-control wpcf7-multistep cf7msm-multistep\" value=\"{&quot;first_step&quot;:1,&quot;next_url&quot;:&quot;https:\/\/bpmmedical.ca\/fr-ca\/contact-2\/&quot;}\" \/><input type=\"hidden\" name=\"cf7msm-no-ss\" value=\"\" \/>\n<\/div>\n<!-- End CF7MSM -->\n\n<p><input class=\"wpcf7-form-control wpcf7-submit has-spinner button\" type=\"submit\" value=\"Soumettre\" \/>\n<\/p><div class=\"wpcf7-response-output\" aria-hidden=\"true\"><\/div>\n<\/form>\n<\/div>\n<\/div><\/p>\n","protected":false},"excerpt":{"rendered":"","protected":false},"author":1,"featured_media":0,"parent":0,"menu_order":0,"comment_status":"closed","ping_status":"open","template":"page-templates\/home-page.php","meta":{"_acf_changed":false,"inline_featured_image":false,"footnotes":""},"class_list":["post-250","page","type-page","status-publish","hentry"],"acf":[],"_links":{"self":[{"href":"https:\/\/bpmmedical.ca\/fr-ca\/wp-json\/wp\/v2\/pages\/250","targetHints":{"allow":["GET"]}}],"collection":[{"href":"https:\/\/bpmmedical.ca\/fr-ca\/wp-json\/wp\/v2\/pages"}],"about":[{"href":"https:\/\/bpmmedical.ca\/fr-ca\/wp-json\/wp\/v2\/types\/page"}],"author":[{"embeddable":true,"href":"https:\/\/bpmmedical.ca\/fr-ca\/wp-json\/wp\/v2\/users\/1"}],"replies":[{"embeddable":true,"href":"https:\/\/bpmmedical.ca\/fr-ca\/wp-json\/wp\/v2\/comments?post=250"}],"version-history":[{"count":47,"href":"https:\/\/bpmmedical.ca\/fr-ca\/wp-json\/wp\/v2\/pages\/250\/revisions"}],"predecessor-version":[{"id":997,"href":"https:\/\/bpmmedical.ca\/fr-ca\/wp-json\/wp\/v2\/pages\/250\/revisions\/997"}],"wp:attachment":[{"href":"https:\/\/bpmmedical.ca\/fr-ca\/wp-json\/wp\/v2\/media?parent=250"}],"curies":[{"name":"wp","href":"https:\/\/api.w.org\/{rel}","templated":true}]}}